{"id":459,"date":"2017-10-19T19:10:14","date_gmt":"2017-10-19T17:10:14","guid":{"rendered":"http:\/\/clicandform.com\/?page_id=459"},"modified":"2019-11-29T11:32:35","modified_gmt":"2019-11-29T10:32:35","slug":"scribus","status":"publish","type":"page","link":"https:\/\/clicandform.com\/index.php\/mes-formations\/scribus\/","title":{"rendered":"Scribus (2 jours)"},"content":{"rendered":"<div class=\"csRow\">\n<div class=\"csColumnGap\" style=\"margin: 0px; padding: 0px; float: left; width: 4.95e-7%;\"><img src=\"http:\/\/clicandform.com\/wp-content\/plugins\/advanced-wp-columns\/assets\/js\/plugins\/views\/img\/1x1-pixel.png\" \/><\/div>\n<div class=\"csColumn\" style=\"margin: 0px; padding: 0px; float: left; width: 42.8%;\" data-csstartpoint=\"0.000004752929687157348\" data-csendpoint=\"410.50002001171873\" data-cswidth=\"42.8%\" data-csid=\"6ea0c3d6-09ae-e180-88ce-fc6e8b26196b\">\n<p><strong><span style=\"color: #800080;\">L\u2019interface<\/span><\/strong><\/p>\n<p><strong><span style=\"color: #800080;\">Gabarits de pages, maquettage<\/span><\/strong><br \/>\nPrincipes de mise en page<br \/>\nCr\u00e9er et appliquer des gabarits<br \/>\nLa fen\u00eatre \u00ab Organiser des pages \u00bb<br \/>\nPlan de montage<br \/>\nFoliotage<\/p>\n<p><strong><span style=\"color: #800080;\">Cr\u00e9er et manipuler des cadres<\/span><\/strong><br \/>\nCadres texte et image : sp\u00e9cificit\u00e9s<br \/>\nLa fen\u00eatre des propri\u00e9t\u00e9s de cadre<br \/>\nTransformations et d\u00e9formations, positionnements<\/p>\n<p><strong><span style=\"color: #800080;\">\u00c9dition de forme de cadre<\/span><\/strong><br \/>\nGestion des fonds et des contours, d\u00e9corations<br \/>\nFonctions d\u2019habillage de cadre<\/p>\n<p><strong><span style=\"color: #800080;\">G\u00e9rer les textes<\/span><\/strong><br \/>\n\u00c9diteur de texte<br \/>\nImporter du texte (HTML, XML, Open Office, Word, RTF)<br \/>\nMise en forme et r\u00e8gles de c\u00e9sure<br \/>\nTypographie<br \/>\nCr\u00e9ation de styles de paragraphe<br \/>\net de caract\u00e8re<br \/>\nCha\u00eenage de blocs<br \/>\n\u00c9crire un texte sur un chemin de B\u00e9zier<\/p>\n<\/div>\n<div class=\"csColumnGap\" style=\"margin: 0px; padding: 0px; float: left; width: 9.38%;\"><img src=\"http:\/\/clicandform.com\/wp-content\/plugins\/advanced-wp-columns\/assets\/js\/plugins\/views\/img\/1x1-pixel.png\" \/><\/div>\n<div class=\"csColumn\" style=\"margin: 0px; padding: 0px; float: left; width: 46.3%;\" data-csstartpoint=\"500.50002001171873\" data-csendpoint=\"945.0000200117188\" data-cswidth=\"46.3%\" data-csid=\"06710134-f036-b81c-9189-3e8b20166bec\">\n<p><strong><span style=\"color: #800080;\">Importer et g\u00e9rer des images<\/span><\/strong><br \/>\nFormats d\u2019image support\u00e9s<br \/>\nHabillage et implications sur les textes<br \/>\nGestion des images, effets<br \/>\nModes colorim\u00e9triques<br \/>\nInt\u00e9gration d\u2019images Gimp, d\u2019illustrations Inkscape<br \/>\nUtilisation de canaux alpha et de trac\u00e9s pour des habillages complexes<br \/>\nGestion des affichages<\/p>\n<p><span style=\"color: #800080;\"><strong>Cr\u00e9er des objets vectoriels<\/strong><\/span><br \/>\nCr\u00e9er des formes pr\u00e9d\u00e9finies<br \/>\nCr\u00e9er des polygones<br \/>\nCr\u00e9er des chemins de B\u00e9zier<\/p>\n<p><span style=\"color: #800080;\"><strong>Int\u00e9grer des tableaux et des tabulations<\/strong><\/span><br \/>\nCr\u00e9er et utiliser des tableaux<br \/>\nR\u00e9cup\u00e9rer des tableaux Open Office<br \/>\nCr\u00e9er et utiliser des tabulations<\/p>\n<p><strong><span style=\"color: #800080;\">Automatisation<\/span><\/strong><br \/>\nTable des mati\u00e8res<br \/>\nIndex<\/p>\n<p><span style=\"color: #800080;\"><strong>Finalisation et enregistrement<\/strong><\/span><\/p>\n<\/div>\n<div class=\"csColumnGap\" style=\"margin: 0px; padding: 0px; float: left; width: 1.56%;\"><img src=\"http:\/\/clicandform.com\/wp-content\/plugins\/advanced-wp-columns\/assets\/js\/plugins\/views\/img\/1x1-pixel.png\" \/><\/div>\n<div style=\"clear: both; float: none; display: block; visibility: hidden; width: 0px; font-size: 0px; line-height: 0;\"><\/div>\n<\/div>\n<p>&nbsp;<\/p>\n<p><span style=\"border-radius: 2px; text-indent: 20px; width: auto; padding: 0px 4px 0px 0px; text-align: center; font: bold 11px\/20px 'Helvetica Neue',Helvetica,sans-serif; color: #ffffff; background: #bd081c no-repeat scroll 3px 50% \/ 14px 14px; position: absolute; opacity: 1; z-index: 8675309; display: none; cursor: pointer;\">Enregistrer<\/span><\/p>\n<p><span style=\"border-radius: 2px; text-indent: 20px; width: auto; padding: 0px 4px 0px 0px; text-align: center; font: bold 11px\/20px 'Helvetica Neue',Helvetica,sans-serif; color: #ffffff; background: #bd081c no-repeat scroll 3px 50% \/ 14px 14px; position: absolute; opacity: 1; z-index: 8675309; display: none; cursor: pointer;\">Enregistrer<\/span><\/p>\n","protected":false},"excerpt":{"rendered":"<p>L\u2019interface Gabarits de pages, maquettage Principes de mise en page Cr\u00e9er et appliquer des gabarits La fen\u00eatre \u00ab Organiser des pages \u00bb Plan de montage Foliotage Cr\u00e9er et manipuler des cadres Cadres texte et image &hellip;<\/p>\n","protected":false},"author":1,"featured_media":0,"parent":46,"menu_order":9,"comment_status":"closed","ping_status":"closed","template":"","meta":[],"_links":{"self":[{"href":"https:\/\/clicandform.com\/index.php\/wp-json\/wp\/v2\/pages\/459"}],"collection":[{"href":"https:\/\/clicandform.com\/index.php\/wp-json\/wp\/v2\/pages"}],"about":[{"href":"https:\/\/clicandform.com\/index.php\/wp-json\/wp\/v2\/types\/page"}],"author":[{"embeddable":true,"href":"https:\/\/clicandform.com\/index.php\/wp-json\/wp\/v2\/users\/1"}],"replies":[{"embeddable":true,"href":"https:\/\/clicandform.com\/index.php\/wp-json\/wp\/v2\/comments?post=459"}],"version-history":[{"count":5,"href":"https:\/\/clicandform.com\/index.php\/wp-json\/wp\/v2\/pages\/459\/revisions"}],"predecessor-version":[{"id":533,"href":"https:\/\/clicandform.com\/index.php\/wp-json\/wp\/v2\/pages\/459\/revisions\/533"}],"up":[{"embeddable":true,"href":"https:\/\/clicandform.com\/index.php\/wp-json\/wp\/v2\/pages\/46"}],"wp:attachment":[{"href":"https:\/\/clicandform.com\/index.php\/wp-json\/wp\/v2\/media?parent=459"}],"curies":[{"name":"wp","href":"https:\/\/api.w.org\/{rel}","templated":true}]}}