{"id":450,"date":"2017-10-09T16:28:39","date_gmt":"2017-10-09T14:28:39","guid":{"rendered":"http:\/\/clicandform.com\/?page_id=450"},"modified":"2019-11-29T11:32:28","modified_gmt":"2019-11-29T10:32:28","slug":"gimp","status":"publish","type":"page","link":"https:\/\/clicandform.com\/index.php\/mes-formations\/gimp\/","title":{"rendered":"Gimp (2 jours)"},"content":{"rendered":"<div class=\"csRow\">\n<div class=\"csColumnGap\" style=\"margin: 0px; padding: 0px; float: left; width: 4.95e-7%;\"><img src=\"http:\/\/clicandform.com\/wp-content\/plugins\/advanced-wp-columns\/assets\/js\/plugins\/views\/img\/1x1-pixel.png\" \/><\/div>\n<div class=\"csColumn\" style=\"margin: 0px; padding: 0px; float: left; width: 42.7%;\" data-csstartpoint=\"0.000004752929687157348\" data-csendpoint=\"410.00002001171873\" data-cswidth=\"42.7%\" data-csid=\"ad144e2d-89f7-406a-b330-833b997e55d6\">\n<p><span style=\"color: #800080;\"><strong>Diff\u00e9rentes utilisations de Gimp<\/strong><\/span><\/p>\n<p><span style=\"color: #800080;\"><strong>Espace de travail<\/strong><\/span><\/p>\n<p><strong><span style=\"color: #800080;\">Cr\u00e9er \/ Ouvrir un document<\/span><\/strong><br \/>\nFormats lus par Gimp<br \/>\nFormats enregistrables par Gimp<br \/>\nLien entre Gimp et Photoshop<\/p>\n<p><span style=\"color: #800080;\"><strong>Traitement des images<\/strong><\/span><br \/>\nBien r\u00e9gler son \u00e9cran<br \/>\nGestion des modes colorim\u00e9triques<br \/>\nTaille et r\u00e9solution de l\u2019image<\/p>\n<p><span style=\"color: #800080;\"><strong>Gestion des calques<\/strong><\/span><br \/>\nPrincipe de la hi\u00e9rarchie des calques<br \/>\nCr\u00e9er\/dupliquer\/supprimer un calque<br \/>\nGroupes<br \/>\nD\u00e9placer et tourner des calques<br \/>\nChanger la hi\u00e9rarchie des calques<br \/>\nOpacit\u00e9 des calques<\/p>\n<p><strong><span style=\"color: #800080;\">Couleurs<\/span><\/strong><br \/>\nChoisir et appliquer une couleur<br \/>\nProbl\u00e8me des couleurs non imprimables<br \/>\nModes de fusion<br \/>\nD\u00e9grad\u00e9s<br \/>\nPinceaux (existants ou cr\u00e9\u00e9s par l\u2019utilisateur)<\/p>\n<p>&nbsp;<\/p>\n<\/div>\n<div class=\"csColumnGap\" style=\"margin: 0px; padding: 0px; float: left; width: 9.38%;\"><img src=\"http:\/\/clicandform.com\/wp-content\/plugins\/advanced-wp-columns\/assets\/js\/plugins\/views\/img\/1x1-pixel.png\" \/><\/div>\n<div class=\"csColumn\" style=\"margin: 0px; padding: 0px; float: left; width: 47.9%;\" data-csstartpoint=\"500.00002001171873\" data-csendpoint=\"960.0000200117188\" data-cswidth=\"47.9%\" data-csid=\"d2aeebd3-ef26-41e4-b296-9a8761e621af\">\n<p><strong><span style=\"color: #800080;\">S\u00e9lections<br \/>\n<\/span><\/strong>Int\u00e9r\u00eat des s\u00e9lections dans Gimp<br \/>\nOutils manuels<br \/>\nOutils d\u00e9tectant les couleurs et valeurs<br \/>\nCombiner des s\u00e9lections<\/p>\n<p><strong><span style=\"color: #800080;\">Exercices de montage<\/span><\/strong><br \/>\nCr\u00e9er un montage \u00e0 partir de plusieurs documents<br \/>\nUtiliser les masques de fusion<\/p>\n<p><strong><span style=\"color: #800080;\">R\u00e9glages lumi\u00e8re et couleur<\/span><\/strong><br \/>\nR\u00e9gler les contrastes et la lumi\u00e8re<br \/>\nCorriger les probl\u00e8mes de dominante couleur<br \/>\nAppliquer des effets cr\u00e9atifs sur une image<\/p>\n<p><span style=\"color: #800080;\"><strong>Outils de retouche<\/strong><\/span><br \/>\nEnlever les poussi\u00e8res et points de lumi\u00e8re<br \/>\nRetouche respectant la perspective<br \/>\nUtiliser les outils de clonage<\/p>\n<p><strong><span style=\"color: #800080;\">Gestion du texte<\/span><\/strong><\/p>\n<p><strong><span style=\"color: #800080;\">Enregistrement du document<\/span><\/strong><\/p>\n<\/div>\n<div style=\"clear: both; float: none; display: block; visibility: hidden; width: 0px; font-size: 0px; line-height: 0;\"><\/div>\n<\/div>\n<p><span style=\"border-radius: 2px; text-indent: 20px; width: auto; padding: 0px 4px 0px 0px; text-align: center; font: bold 11px\/20px 'Helvetica Neue',Helvetica,sans-serif; color: #ffffff; background: #bd081c no-repeat scroll 3px 50% \/ 14px 14px; position: absolute; opacity: 1; z-index: 8675309; display: none; cursor: pointer;\"><br class=\"nc\" \/>Enregistrer<\/span><\/p>\n<p><span style=\"border-radius: 2px; text-indent: 20px; width: auto; padding: 0px 4px 0px 0px; text-align: center; font: bold 11px\/20px 'Helvetica Neue',Helvetica,sans-serif; color: #ffffff; background: #bd081c no-repeat scroll 3px 50% \/ 14px 14px; position: absolute; opacity: 1; z-index: 8675309; display: none; cursor: pointer;\">Enregistrer<\/span><\/p>\n<p><span style=\"border-radius: 2px; text-indent: 20px; width: auto; padding: 0px 4px 0px 0px; text-align: center; font: bold 11px\/20px 'Helvetica Neue',Helvetica,sans-serif; color: #ffffff; background: #bd081c no-repeat scroll 3px 50% \/ 14px 14px; position: absolute; opacity: 1; z-index: 8675309; display: none; cursor: pointer;\">Enregistrer<\/span><\/p>\n<p><span style=\"border-radius: 2px; text-indent: 20px; width: auto; padding: 0px 4px 0px 0px; text-align: center; font: bold 11px\/20px 'Helvetica Neue',Helvetica,sans-serif; color: #ffffff; background: #bd081c no-repeat scroll 3px 50% \/ 14px 14px; position: absolute; opacity: 1; z-index: 8675309; display: none; cursor: pointer;\">Enregistrer<\/span><\/p>\n<p><span style=\"border-radius: 2px; text-indent: 20px; width: auto; padding: 0px 4px 0px 0px; text-align: center; font: bold 11px\/20px 'Helvetica Neue',Helvetica,sans-serif; color: #ffffff; background: #bd081c no-repeat scroll 3px 50% \/ 14px 14px; position: absolute; opacity: 1; z-index: 8675309; display: none; cursor: pointer;\">Enregistrer<\/span><\/p>\n","protected":false},"excerpt":{"rendered":"<p>Diff\u00e9rentes utilisations de Gimp Espace de travail Cr\u00e9er \/ Ouvrir un document Formats lus par Gimp Formats enregistrables par Gimp Lien entre Gimp et Photoshop Traitement des images Bien r\u00e9gler son \u00e9cran Gestion des modes &hellip;<\/p>\n","protected":false},"author":1,"featured_media":0,"parent":46,"menu_order":8,"comment_status":"closed","ping_status":"closed","template":"","meta":[],"_links":{"self":[{"href":"https:\/\/clicandform.com\/index.php\/wp-json\/wp\/v2\/pages\/450"}],"collection":[{"href":"https:\/\/clicandform.com\/index.php\/wp-json\/wp\/v2\/pages"}],"about":[{"href":"https:\/\/clicandform.com\/index.php\/wp-json\/wp\/v2\/types\/page"}],"author":[{"embeddable":true,"href":"https:\/\/clicandform.com\/index.php\/wp-json\/wp\/v2\/users\/1"}],"replies":[{"embeddable":true,"href":"https:\/\/clicandform.com\/index.php\/wp-json\/wp\/v2\/comments?post=450"}],"version-history":[{"count":9,"href":"https:\/\/clicandform.com\/index.php\/wp-json\/wp\/v2\/pages\/450\/revisions"}],"predecessor-version":[{"id":532,"href":"https:\/\/clicandform.com\/index.php\/wp-json\/wp\/v2\/pages\/450\/revisions\/532"}],"up":[{"embeddable":true,"href":"https:\/\/clicandform.com\/index.php\/wp-json\/wp\/v2\/pages\/46"}],"wp:attachment":[{"href":"https:\/\/clicandform.com\/index.php\/wp-json\/wp\/v2\/media?parent=450"}],"curies":[{"name":"wp","href":"https:\/\/api.w.org\/{rel}","templated":true}]}}