{"id":440,"date":"2017-10-09T16:09:19","date_gmt":"2017-10-09T14:09:19","guid":{"rendered":"http:\/\/clicandform.com\/?page_id=440"},"modified":"2021-11-08T15:41:52","modified_gmt":"2021-11-08T14:41:52","slug":"indesign-cc-initiation","status":"publish","type":"page","link":"https:\/\/clicandform.com\/index.php\/mes-formations\/indesign-cc-initiation\/","title":{"rendered":"InDesign CC initiation (3 jours)"},"content":{"rendered":"<div class=\"csRow\">\n<div class=\"csColumnGap\" style=\"margin: 0px; padding: 0px; float: left; width: 4.95e-7%;\"><img src=\"http:\/\/clicandform.com\/wp-content\/plugins\/advanced-wp-columns\/assets\/js\/plugins\/views\/img\/1x1-pixel.png\" \/><\/div>\n<div class=\"csColumn\" style=\"margin: 0px; padding: 0px; float: left; width: 42.8%;\" data-csstartpoint=\"0.000004752929687157348\" data-csendpoint=\"410.50002001171873\" data-cswidth=\"42.8%\" data-csid=\"cd4b27db-0b37-ff9f-b301-eb3ee7e0b93c\">\n<p><span style=\"color: #800080;\"><strong>Principe du logiciel : flexibilit\u00e9, coh\u00e9rence, automatisation<\/strong><\/span><\/p>\n<p><strong><span style=\"color: #800080;\">Espace de travail<\/span><\/strong><\/p>\n<p><span style=\"color: #800080;\"><strong>Cr\u00e9er un nouveau document<\/strong><\/span><br \/>\nFormats de document, cr\u00e9er un mod\u00e8le<br \/>\nAppliquer dans un document les \u00e9l\u00e9ments d\u2019une charte graphique<\/p>\n<p><span style=\"color: #800080;\"><strong>Pages et gabarits<\/strong><\/span><br \/>\nGestion des pages et des gabarits<br \/>\nFoliotage<br \/>\nFormats de page multiples<br \/>\nColonnes, marges et autres rep\u00e8res<\/p>\n<p><span style=\"color: #800080;\"><strong>Blocs<\/strong><\/span><br \/>\nMise en forme, transformations et d\u00e9placement de blocs<br \/>\nHi\u00e9rarchie des blocs<\/p>\n<p><strong><span style=\"color: #800080;\">Couleur<\/span><\/strong><br \/>\nConna\u00eetre la liste des couleurs appliqu\u00e9es dans le document<br \/>\nOutils li\u00e9s \u00e0 la couleur et effets<\/p>\n<p><span style=\"color: #800080;\"><strong>Blocs texte<\/strong><\/span><br \/>\nCha\u00eenage : utilit\u00e9 et fonctionnement<br \/>\nTexte curviligne<br \/>\nVectoriser un texte<br \/>\nImporter un texte<\/p>\n<\/div>\n<div class=\"csColumnGap\" style=\"margin: 0px; padding: 0px; float: left; width: 9.38%;\"><img src=\"http:\/\/clicandform.com\/wp-content\/plugins\/advanced-wp-columns\/assets\/js\/plugins\/views\/img\/1x1-pixel.png\" \/><\/div>\n<div class=\"csColumn\" style=\"margin: 0px; padding: 0px; float: left; width: 46.3%;\" data-csstartpoint=\"500.50002001171873\" data-csendpoint=\"945.0000200117188\" data-cswidth=\"46.3%\" data-csid=\"ab7e9445-ad57-e7d8-a212-bcc246d169fe\">\n<p><strong><span style=\"color: #800080;\">Blocs image<\/span><\/strong><br \/>\nImporter une image<br \/>\nMise en forme du contenant \/ du contenu<br \/>\nGestion des liens \/Incorporation d\u2019images<br \/>\nHabillage \/ ancrage dans un texte<\/p>\n<p><strong><span style=\"color: #800080;\">Mise en forme du texte<\/span><\/strong><br \/>\nCaract\u00e8res et paragraphes<br \/>\nImportance du choix des polices<br \/>\nOptions de bloc de texte<br \/>\nTabulations avec poins de conduite<br \/>\nListes \u00e0 puces et num\u00e9rot\u00e9es<br \/>\nJustifications, c\u00e9sures, veuves et orphelines<\/p>\n<p><span style=\"color: #800080;\"><strong>Calques<\/strong><\/span><\/p>\n<p><span style=\"color: #800080;\"><strong>Finalisation et enregistrement<\/strong><\/span><br \/>\nContr\u00f4le en amont<br \/>\nExporter en Idml et en PDF<br \/>\nAssemblage<\/p>\n<p><span style=\"color: #800080;\"><strong>Exemples concrets<\/strong><\/span><br \/>\nCr\u00e9ation de flyers, cartes de visite, affiches, plaquettes<\/p>\n<p><a href=\"http:\/\/clicandform.com\/index.php\/mes-formations\/indesign-cc-perfectionnement\/\">Voir le programme \u00ab\u00a0InDesign perfectionnement\u00a0\u00bb<\/a><\/p>\n<\/div>\n<div class=\"csColumnGap\" style=\"margin: 0px; padding: 0px; float: left; width: 1.56%;\"><img src=\"http:\/\/clicandform.com\/wp-content\/plugins\/advanced-wp-columns\/assets\/js\/plugins\/views\/img\/1x1-pixel.png\" \/><\/div>\n<\/div>\n<p><span style=\"border-radius: 2px; text-indent: 20px; width: auto; padding: 0px 4px 0px 0px; text-align: center; font: bold 11px\/20px 'Helvetica Neue',Helvetica,sans-serif; color: #ffffff; background: #bd081c no-repeat scroll 3px 50% \/ 14px 14px; position: absolute; opacity: 1; z-index: 8675309; display: none; cursor: pointer;\">Enregistrer<\/span><\/p>\n","protected":false},"excerpt":{"rendered":"<p>Principe du logiciel : flexibilit\u00e9, coh\u00e9rence, automatisation Espace de travail Cr\u00e9er un nouveau document Formats de document, cr\u00e9er un mod\u00e8le Appliquer dans un document les \u00e9l\u00e9ments d\u2019une charte graphique Pages et gabarits Gestion des pages &hellip;<\/p>\n","protected":false},"author":1,"featured_media":0,"parent":46,"menu_order":3,"comment_status":"closed","ping_status":"closed","template":"","meta":[],"_links":{"self":[{"href":"https:\/\/clicandform.com\/index.php\/wp-json\/wp\/v2\/pages\/440"}],"collection":[{"href":"https:\/\/clicandform.com\/index.php\/wp-json\/wp\/v2\/pages"}],"about":[{"href":"https:\/\/clicandform.com\/index.php\/wp-json\/wp\/v2\/types\/page"}],"author":[{"embeddable":true,"href":"https:\/\/clicandform.com\/index.php\/wp-json\/wp\/v2\/users\/1"}],"replies":[{"embeddable":true,"href":"https:\/\/clicandform.com\/index.php\/wp-json\/wp\/v2\/comments?post=440"}],"version-history":[{"count":6,"href":"https:\/\/clicandform.com\/index.php\/wp-json\/wp\/v2\/pages\/440\/revisions"}],"predecessor-version":[{"id":588,"href":"https:\/\/clicandform.com\/index.php\/wp-json\/wp\/v2\/pages\/440\/revisions\/588"}],"up":[{"embeddable":true,"href":"https:\/\/clicandform.com\/index.php\/wp-json\/wp\/v2\/pages\/46"}],"wp:attachment":[{"href":"https:\/\/clicandform.com\/index.php\/wp-json\/wp\/v2\/media?parent=440"}],"curies":[{"name":"wp","href":"https:\/\/api.w.org\/{rel}","templated":true}]}}