{"id":434,"date":"2017-10-09T16:01:35","date_gmt":"2017-10-09T14:01:35","guid":{"rendered":"http:\/\/clicandform.com\/?page_id=434"},"modified":"2021-11-08T15:49:35","modified_gmt":"2021-11-08T14:49:35","slug":"photoshop-cc-perfectionnement","status":"publish","type":"page","link":"https:\/\/clicandform.com\/index.php\/mes-formations\/photoshop-cc-perfectionnement\/","title":{"rendered":"Photoshop CC perfectionnement (2 jours)"},"content":{"rendered":"<div class=\"csRow\">\n<div class=\"csColumnGap\" style=\"margin: 0px; padding: 0px; float: left; width: 4.95e-7%;\"><img src=\"http:\/\/clicandform.com\/wp-content\/plugins\/advanced-wp-columns\/assets\/js\/plugins\/views\/img\/1x1-pixel.png\" \/><\/div>\n<div class=\"csColumn\" style=\"margin: 0px; padding: 0px; float: left; width: 42.7%;\" data-csstartpoint=\"0.000004752929687157348\" data-csendpoint=\"410.00002001171873\" data-cswidth=\"42.7%\" data-csid=\"c1a23d3f-2c98-419f-b441-ce5f1519fa9a\">\n<p><span style=\"color: #800080;\"><strong>M\u00e9thodes de s\u00e9lection \u00e9labor\u00e9es<\/strong><\/span><br \/>\nPlume, plage des couleurs, mode masque<br \/>\nAm\u00e9lioration du contour<br \/>\nCombiner les s\u00e9lections<br \/>\nComprendre et utiliser les couches Alpha<br \/>\nS\u00e9lectionner des zones complexes avec \u00ab\u00a0s\u00e9lectionner et masquer\u00a0\u00bb<\/p>\n<p><strong><span style=\"color: #800080;\">Les objets dynamiques<\/span><\/strong><br \/>\nInt\u00e9r\u00eat des objets dynamiques<br \/>\nTransformer un calque en objet dynamique<br \/>\nImporter un objet dynamique<br \/>\nMise \u00e0 jour des objets dynamiques<\/p>\n<p><strong><span style=\"color: #800080;\">Les masques de fusion<\/span><\/strong><br \/>\nSur un calque simple<br \/>\nSur un calque de r\u00e9glage<br \/>\nCr\u00e9er\/modifier\/supprimer un masque de fusion<\/p>\n<p><strong><span style=\"color: #800080;\">Corrections plus pr\u00e9cises de la lumi\u00e8re et de la couleur<\/span><\/strong><br \/>\nUtiliser les calques de r\u00e9glage<br \/>\nUtiliser les fichiers bruts sur Camera Raw<\/p>\n<p><span style=\"color: #800080;\"><strong>Transformations et retouches avanc\u00e9es<\/strong><\/span><br \/>\nD\u00e9formation, perspective, distorsion<br \/>\nRecadrage en perspective<br \/>\nOutils et commandes bas\u00e9es sur le contenu<br \/>\nMarionnette<br \/>\nFiltres de correction de l\u2019objectif<br \/>\nPoint de fuite<br \/>\nFiltre fluidit\u00e9<br \/>\nRemplacement du ciel<\/p>\n<p><span style=\"color: #800080;\"><strong>\u00a0<\/strong><\/span><\/p>\n<\/div>\n<div class=\"csColumnGap\" style=\"margin: 0px; padding: 0px; float: left; width: 9.38%;\"><img src=\"http:\/\/clicandform.com\/wp-content\/plugins\/advanced-wp-columns\/assets\/js\/plugins\/views\/img\/1x1-pixel.png\" \/><\/div>\n<div class=\"csColumn\" style=\"margin: 0px; padding: 0px; float: left; width: 46.4%;\" data-csstartpoint=\"500.00002001171873\" data-csendpoint=\"945.0000200117188\" data-cswidth=\"46.4%\" data-csid=\"ac8e4b63-e343-6a3f-952c-d8482ec445d4\">\n<p><strong><span style=\"color: #800080;\">\u00c9largir ses possibilit\u00e9s cr\u00e9atives<\/span><\/strong><br \/>\nLes formes et masques vectoriels<br \/>\nLes styles de calques<br \/>\nBiblioth\u00e8ques de brosses<\/p>\n<p><strong><span style=\"color: #800080;\">Am\u00e9lioration de la productivit\u00e9<\/span><\/strong><br \/>\nSauvegarde automatique<br \/>\nScripts, droplets, traitements par lots<br \/>\nCr\u00e9er une galerie web statique<br \/>\nCr\u00e9er un panorama<\/p>\n<p><span style=\"color: #800080;\"><strong>Infos \u00e0 propos de la gestion des couleurs<\/strong><\/span><br \/>\nComprendre et utiliser correctement les profils ICC<br \/>\nInfos concernant le calibrage des \u00e9crans<\/p>\n<p><span style=\"color: #800080;\"><strong>Infos \u00e0 propos de la gestion des couleurs<\/strong><\/span><br \/>\nBiblioth\u00e8ques CC et fichiers partag\u00e9s<br \/>\nAdobe Stock<br \/>\nAdobe Fonts et Adobe Color<br \/>\nLa communaut\u00e9 : forums, partage de plugs-ins&#8230;<br \/>\n<span style=\"color: #800080;\"><strong>Quelques exemples concrets<\/strong><\/span><br \/>\nD\u00e9tourer des cheveux<br \/>\nRetirer un grillage<br \/>\nCr\u00e9er un mock up (p.ex. int\u00e9grer un design sur des goodies)<br \/>\nRedresser une perspective<br \/>\nCorriger un objet complexe en perspective<\/p>\n<p><a href=\"http:\/\/clicandform.com\/index.php\/mes-formations\/photoshop-cc-prise-en-main\/\">Voir le programme \u00ab\u00a0Photoshop initiation\u00a0\u00bb<\/a><\/p>\n<\/div>\n<div class=\"csColumnGap\" style=\"margin: 0px; padding: 0px; float: left; width: 1.56%;\"><img src=\"http:\/\/clicandform.com\/wp-content\/plugins\/advanced-wp-columns\/assets\/js\/plugins\/views\/img\/1x1-pixel.png\" \/><\/div>\n<div style=\"clear: both; float: none; display: block; visibility: hidden; width: 0px; font-size: 0px; line-height: 0;\"><\/div>\n<\/div>\n<p><span style=\"border-radius: 2px; text-indent: 20px; width: auto; padding: 0px 4px 0px 0px; text-align: center; font: bold 11px\/20px 'Helvetica Neue',Helvetica,sans-serif; color: #ffffff; background: #bd081c no-repeat scroll 3px 50% \/ 14px 14px; position: absolute; opacity: 1; z-index: 8675309; display: none; cursor: pointer;\"><br class=\"nc\" \/>Enregistrer<\/span><\/p>\n<p><span style=\"border-radius: 2px; text-indent: 20px; width: auto; padding: 0px 4px 0px 0px; text-align: center; font: bold 11px\/20px 'Helvetica Neue',Helvetica,sans-serif; color: #ffffff; background: #bd081c no-repeat scroll 3px 50% \/ 14px 14px; position: absolute; opacity: 1; z-index: 8675309; display: none; cursor: pointer;\">Enregistrer<\/span><\/p>\n","protected":false},"excerpt":{"rendered":"<p>M\u00e9thodes de s\u00e9lection \u00e9labor\u00e9es Plume, plage des couleurs, mode masque Am\u00e9lioration du contour Combiner les s\u00e9lections Comprendre et utiliser les couches Alpha S\u00e9lectionner des zones complexes avec \u00ab\u00a0s\u00e9lectionner et masquer\u00a0\u00bb Les objets dynamiques Int\u00e9r\u00eat des &hellip;<\/p>\n","protected":false},"author":1,"featured_media":0,"parent":46,"menu_order":2,"comment_status":"closed","ping_status":"closed","template":"","meta":[],"_links":{"self":[{"href":"https:\/\/clicandform.com\/index.php\/wp-json\/wp\/v2\/pages\/434"}],"collection":[{"href":"https:\/\/clicandform.com\/index.php\/wp-json\/wp\/v2\/pages"}],"about":[{"href":"https:\/\/clicandform.com\/index.php\/wp-json\/wp\/v2\/types\/page"}],"author":[{"embeddable":true,"href":"https:\/\/clicandform.com\/index.php\/wp-json\/wp\/v2\/users\/1"}],"replies":[{"embeddable":true,"href":"https:\/\/clicandform.com\/index.php\/wp-json\/wp\/v2\/comments?post=434"}],"version-history":[{"count":9,"href":"https:\/\/clicandform.com\/index.php\/wp-json\/wp\/v2\/pages\/434\/revisions"}],"predecessor-version":[{"id":595,"href":"https:\/\/clicandform.com\/index.php\/wp-json\/wp\/v2\/pages\/434\/revisions\/595"}],"up":[{"embeddable":true,"href":"https:\/\/clicandform.com\/index.php\/wp-json\/wp\/v2\/pages\/46"}],"wp:attachment":[{"href":"https:\/\/clicandform.com\/index.php\/wp-json\/wp\/v2\/media?parent=434"}],"curies":[{"name":"wp","href":"https:\/\/api.w.org\/{rel}","templated":true}]}}