{"id":425,"date":"2017-10-09T15:52:05","date_gmt":"2017-10-09T13:52:05","guid":{"rendered":"http:\/\/clicandform.com\/?page_id=425"},"modified":"2022-03-02T13:39:34","modified_gmt":"2022-03-02T12:39:34","slug":"illustrator-cc-perfectionnement","status":"publish","type":"page","link":"https:\/\/clicandform.com\/index.php\/mes-formations\/illustrator-cc-perfectionnement\/","title":{"rendered":"Illustrator CC perfectionnement (2 jours)"},"content":{"rendered":"<div class=\"csRow\">\n<div class=\"csColumnGap\" style=\"margin: 0px; padding: 0px; float: left; width: 4.95e-7%;\"><img src=\"http:\/\/clicandform.com\/wp-content\/plugins\/advanced-wp-columns\/assets\/js\/plugins\/views\/img\/1x1-pixel.png\" \/><\/div>\n<div class=\"csColumn\" style=\"margin: 0px; padding: 0px; float: left; width: 42.7%;\" data-csstartpoint=\"0.000004752929687157348\" data-csendpoint=\"410.00002001171873\" data-cswidth=\"42.7%\" data-csid=\"170b2c73-950f-a622-bc61-c5ad32c210d4\">\n<p><strong><span style=\"color: #800080;\">Formes de trac\u00e9<\/span><\/strong><br \/>Formes calligraphiques, artistiques,<br \/>diffuses, de motifs<br \/>Vectorisation de formes de trac\u00e9<br \/>Cr\u00e9ation de formes de trac\u00e9<\/p>\n<p><span style=\"color: #800080;\"><strong>Symboles<\/strong><\/span><br \/>Utiliser les symboles existants<br \/>Cr\u00e9er un nouveau symbole, cr\u00e9er une biblioth\u00e8que de symboles<br \/>Jeux de symboles, outils de symbolisme<\/p>\n<p><span style=\"color: #800080;\"><strong>Effets<\/strong><\/span><br \/>Effets 3D<br \/>S\u00e9lections selon l\u2019aspect<br \/>Styles graphiques<\/p>\n<p><strong><span style=\"color: #800080;\">Manipulation des objets<br \/><\/span><\/strong>Concepteur de formes<br \/>Distorsion de l\u2019enveloppe<br \/>D\u00e9grad\u00e9s de formes<br \/>Outils de fluidit\u00e9<br \/>Masques d&rsquo;\u00e9cr\u00eatage et d\u2019opacit\u00e9<br \/>R\u00e9p\u00e9ter un objet<br \/>Contours \u00e0 largeur variable<\/p>\n<p><strong><span style=\"color: #800080;\">Filets de d\u00e9grad\u00e9<\/span><\/strong><br \/>R\u00e9cup\u00e9rer une forme \u00e0 laquelle un filet de d\u00e9grad\u00e9 a \u00e9t\u00e9 ajout\u00e9<\/p>\n<p><span style=\"color: #800080;\"><strong>Gestion des couleurs<\/strong><\/span><br \/>S\u00e9lection selon les couleurs<br \/>Modifier les couleurs de l\u2019illustration<br \/>Peinture dynamique<br \/>Cr\u00e9er des motifs<br \/>D\u00e9grad\u00e9s \u00e0 points<\/p>\n<\/div>\n<div class=\"csColumnGap\" style=\"margin: 0px; padding: 0px; float: left; width: 9.38%;\"><img src=\"http:\/\/clicandform.com\/wp-content\/plugins\/advanced-wp-columns\/assets\/js\/plugins\/views\/img\/1x1-pixel.png\" \/><\/div>\n<div class=\"csColumn\" style=\"margin: 0px; padding: 0px; float: left; width: 46.4%;\" data-csstartpoint=\"500.00002001171873\" data-csendpoint=\"945.0000200117188\" data-cswidth=\"46.4%\" data-csid=\"0a2d941e-8163-600a-9e50-e8f47b1c7c6c\">\n<p><strong><span style=\"color: #800080;\">Graphes<\/span><\/strong><\/p>\n<p><strong><span style=\"color: #800080;\">Automatisation des t\u00e2ches<\/span><\/strong><br \/>Scripts<br \/>Traitements par lots<\/p>\n<p><span style=\"color: #800080;\"><strong>Outil perspective<\/strong><\/span><\/p>\n<p><strong><span style=\"color: #800080;\">Vectorisation dynamique<\/span><\/strong><br \/>Utilit\u00e9 et limites<br \/>R\u00e9cup\u00e9rer un trac\u00e9 vectoris\u00e9<\/p>\n<p><span style=\"color: #800080;\"><strong>Infos sur les <span style=\"color: #800080;\">impressions<\/span><\/strong> <\/span><br \/>Qu\u2019est-ce qu\u2019un profil ICC?<br \/>Convertir un Pantone en CMJN<br \/>Recouvrements, d\u00e9fonce, surimpressions<\/p>\n<p><span style=\"color: #800080;\"><strong>Ressources du Cloud<\/strong><\/span> <br \/>Biblioth\u00e8ques et fichiers en partage<br \/>Adobe Stock<br \/>Adobe Fonts, Adobe Color<br \/>La communaut\u00e9 : plugs-in et forum<br \/><span style=\"color: #800080;\"><strong><br \/>Exemples concrets<\/strong><\/span> <br \/>Cr\u00e9er des croquis de mode et y int\u00e9grer des textures<br \/>Cr\u00e9er des \u00e9l\u00e9ments\u00a0 r\u00e9utilisables dans un sch\u00e9ma ou une illustration technique<br \/>R\u00e9aliser un petit plan de coupe en 3D (isom\u00e9trique ou autre)<\/p>\n<p><a href=\"http:\/\/clicandform.com\/index.php\/mes-formations\/illustrator-initiation\/\">Voir le programme<br \/>\u00ab\u00a0Illustrator initiation\u00a0\u00bb<\/a><\/p>\n<\/div>\n<div class=\"csColumnGap\" style=\"margin: 0px; padding: 0px; float: left; width: 1.56%;\"><img src=\"http:\/\/clicandform.com\/wp-content\/plugins\/advanced-wp-columns\/assets\/js\/plugins\/views\/img\/1x1-pixel.png\" \/><\/div>\n<div style=\"clear: both; float: none; display: block; visibility: hidden; width: 0px; font-size: 0px; line-height: 0;\">\u00a0<\/div>\n<\/div>\n<p><span style=\"border-radius: 2px; text-indent: 20px; width: auto; padding: 0px 4px 0px 0px; text-align: center; font: bold 11px\/20px 'Helvetica Neue',Helvetica,sans-serif; color: #ffffff; background: #bd081c no-repeat scroll 3px 50% \/ 14px 14px; position: absolute; opacity: 1; z-index: 8675309; display: none; cursor: pointer;\">Enregistrer<\/span><\/p>\n<p><span style=\"border-radius: 2px; text-indent: 20px; width: auto; padding: 0px 4px 0px 0px; text-align: center; font: bold 11px\/20px 'Helvetica Neue',Helvetica,sans-serif; color: #ffffff; background: #bd081c no-repeat scroll 3px 50% \/ 14px 14px; position: absolute; opacity: 1; z-index: 8675309; display: none; cursor: pointer;\">Enregistrer<\/span><\/p>\n\n\n<p><\/p>\n","protected":false},"excerpt":{"rendered":"<p>Formes de trac\u00e9Formes calligraphiques, artistiques,diffuses, de motifsVectorisation de formes de trac\u00e9Cr\u00e9ation de formes de trac\u00e9 SymbolesUtiliser les symboles existantsCr\u00e9er un nouveau symbole, cr\u00e9er une biblioth\u00e8que de symbolesJeux de symboles, outils de symbolisme EffetsEffets 3DS\u00e9lections selon &hellip;<\/p>\n","protected":false},"author":1,"featured_media":0,"parent":46,"menu_order":6,"comment_status":"closed","ping_status":"closed","template":"","meta":[],"_links":{"self":[{"href":"https:\/\/clicandform.com\/index.php\/wp-json\/wp\/v2\/pages\/425"}],"collection":[{"href":"https:\/\/clicandform.com\/index.php\/wp-json\/wp\/v2\/pages"}],"about":[{"href":"https:\/\/clicandform.com\/index.php\/wp-json\/wp\/v2\/types\/page"}],"author":[{"embeddable":true,"href":"https:\/\/clicandform.com\/index.php\/wp-json\/wp\/v2\/users\/1"}],"replies":[{"embeddable":true,"href":"https:\/\/clicandform.com\/index.php\/wp-json\/wp\/v2\/comments?post=425"}],"version-history":[{"count":8,"href":"https:\/\/clicandform.com\/index.php\/wp-json\/wp\/v2\/pages\/425\/revisions"}],"predecessor-version":[{"id":605,"href":"https:\/\/clicandform.com\/index.php\/wp-json\/wp\/v2\/pages\/425\/revisions\/605"}],"up":[{"embeddable":true,"href":"https:\/\/clicandform.com\/index.php\/wp-json\/wp\/v2\/pages\/46"}],"wp:attachment":[{"href":"https:\/\/clicandform.com\/index.php\/wp-json\/wp\/v2\/media?parent=425"}],"curies":[{"name":"wp","href":"https:\/\/api.w.org\/{rel}","templated":true}]}}