{"id":358,"date":"2017-10-09T15:28:42","date_gmt":"2017-10-09T13:28:42","guid":{"rendered":"http:\/\/clicandform.com\/?page_id=358"},"modified":"2021-11-08T15:51:25","modified_gmt":"2021-11-08T14:51:25","slug":"illustrator-initiation","status":"publish","type":"page","link":"https:\/\/clicandform.com\/index.php\/mes-formations\/illustrator-initiation\/","title":{"rendered":"Illustrator CC initiation (3 jours)"},"content":{"rendered":"<div class=\"csRow\">\n<div class=\"csColumnGap\" style=\"margin: 0px; padding: 0px; float: left; width: 4.95e-7%;\"><img src=\"http:\/\/clicandform.com\/wp-content\/plugins\/advanced-wp-columns\/assets\/js\/plugins\/views\/img\/1x1-pixel.png\" \/><\/div>\n<div class=\"csColumn\" style=\"margin: 0px; padding: 0px; float: left; width: 42.7%;\" data-csstartpoint=\"0.000004752929687157348\" data-csendpoint=\"410.00002001171873\" data-cswidth=\"42.7%\" data-csid=\"2a76af4b-457f-c490-bbba-ae95f167119d\">\n<p><span style=\"color: #800080;\"><strong>Ouverture d\u2019un nouveau document<\/strong><\/span><\/p>\n<p><span style=\"color: #800080;\"><strong>Espace de travail<\/strong><\/span><\/p>\n<p><span style=\"color: #800080;\"><strong>Gestion des calques<\/strong><\/span><br \/>\nImportance des calques<br \/>\nCalques, sous-calques, groupes<\/p>\n<p><strong><span style=\"color: #800080;\">Courbes de B\u00e9zier<\/span><\/strong><br \/>\nLes outils des trac\u00e9s vectoriels<br \/>\nCombiner les outils entre eux<br \/>\nCr\u00e9er, modifier et supprimer un trac\u00e9<br \/>\nAlignement d\u2019objets, mise \u00e0 l\u2019\u00e9chelle<\/p>\n<p><strong><span style=\"color: #800080;\">Gestion des couleurs<\/span><\/strong><br \/>\nD\u00e9finir et enregistrer une couleur<br \/>\nCouleurs globales \/ locales<br \/>\nD\u00e9grad\u00e9s et motifs<br \/>\nOutils pour cr\u00e9er des harmonies<\/p>\n<p><span style=\"color: #800080;\"><strong>Vectorisations<br \/>\n<\/strong><span style=\"color: #000000;\">Vectorisation d\u2019un trac\u00e9,<\/span> d\u2019un texte<\/span><\/p>\n<p><span style=\"color: #800080;\"><span style=\"color: #000000;\"><span style=\"color: #800080;\"><strong>Textes<\/strong><\/span><br \/>\nOutils et options de texte<br \/>\nHabillage et texte curviligne<br \/>\n<\/span><\/span><\/p>\n<\/div>\n<div class=\"csColumnGap\" style=\"margin: 0px; padding: 0px; float: left; width: 9.38%;\"><img src=\"http:\/\/clicandform.com\/wp-content\/plugins\/advanced-wp-columns\/assets\/js\/plugins\/views\/img\/1x1-pixel.png\" \/><\/div>\n<div class=\"csColumn\" style=\"margin: 0px; padding: 0px; float: left; width: 46.4%;\" data-csstartpoint=\"500.00002001171873\" data-csendpoint=\"945.0000200117188\" data-cswidth=\"46.4%\" data-csid=\"ea121dda-4e45-7103-949b-7c2a9a9d1aee\">\n<p><span style=\"color: #800080;\"><strong>Remodelage d\u2019un objet<\/strong><\/span><br \/>\nOutils de remodelage<br \/>\nEffets et panneau Aspect<br \/>\nConcepteur de formes et pathfinder<\/p>\n<p><span style=\"color: #800080;\"><strong>Importations<\/strong><\/span><br \/>\nInclure une image dans une illustration<br \/>\nMasques d\u2019\u00e9cr\u00eatage<br \/>\nImportation d\u2019un mod\u00e8le<\/p>\n<p><span style=\"color: #800080;\"><strong>Les banques d\u2019images vectorielles<\/strong><\/span><br \/>\nLes banques d\u2019images vectorielles gratuites et payantes<br \/>\nR\u00e9cup\u00e9rer des \u00e9l\u00e9ments au sein d\u2019un fichier issu d\u2019une banque d\u2019images<\/p>\n<p><span style=\"color: #800080;\"><strong><span style=\"color: #800080;\">Enregistrement<\/span> et impression<\/strong><\/span><\/p>\n<p><strong><span style=\"color: #800080;\">Quelques exemples concrets<\/span><br \/>\n<\/strong>Dessiner un plan d&rsquo;acc\u00e8s ou une carte<br \/>\nDessiner un pictogramme ou un logo<br \/>\nR\u00e9aliser un petit macaron<br \/>\nPr\u00e9parer une illustration pour impression ou envoi \u00e0 la d\u00e9coupe (flocage)<\/p>\n<p><a href=\"http:\/\/clicandform.com\/index.php\/mes-formations\/illustrator-cc-perfectionnement\/\">Voir le programme<br \/>\n\u00ab\u00a0Illustrator perfectionnement\u00a0\u00bb<\/a><\/p>\n<\/div>\n<div class=\"csColumnGap\" style=\"margin: 0px; padding: 0px; float: left; width: 1.56%;\"><img src=\"http:\/\/clicandform.com\/wp-content\/plugins\/advanced-wp-columns\/assets\/js\/plugins\/views\/img\/1x1-pixel.png\" \/><\/div>\n<div style=\"clear: both; float: none; display: block; visibility: hidden; width: 0px; font-size: 0px; line-height: 0;\"><\/div>\n<\/div>\n<p><span style=\"border-radius: 2px; text-indent: 20px; width: auto; padding: 0px 4px 0px 0px; text-align: center; font: bold 11px\/20px 'Helvetica Neue',Helvetica,sans-serif; color: #ffffff; background: #bd081c no-repeat scroll 3px 50% \/ 14px 14px; position: absolute; opacity: 1; z-index: 8675309; display: none; cursor: pointer;\"><br class=\"nc\" \/><br class=\"nc\" \/><br class=\"nc\" \/><br class=\"nc\" \/><br class=\"nc\" \/><br class=\"nc\" \/><br class=\"nc\" \/><br class=\"nc\" \/><br class=\"nc\" \/><br class=\"nc\" \/><br class=\"nc\" \/>Enregistrer<\/span><\/p>\n<p><span style=\"border-radius: 2px; text-indent: 20px; width: auto; padding: 0px 4px 0px 0px; text-align: center; font: bold 11px\/20px 'Helvetica Neue',Helvetica,sans-serif; color: #ffffff; background: #bd081c no-repeat scroll 3px 50% \/ 14px 14px; position: absolute; opacity: 1; z-index: 8675309; display: none; cursor: pointer;\">Enregistrer<\/span><\/p>\n<p><span style=\"border-radius: 2px; text-indent: 20px; width: auto; padding: 0px 4px 0px 0px; text-align: center; font: bold 11px\/20px 'Helvetica Neue',Helvetica,sans-serif; color: #ffffff; background: #bd081c no-repeat scroll 3px 50% \/ 14px 14px; position: absolute; opacity: 1; z-index: 8675309; display: none; cursor: pointer;\">Enregistrer<\/span><\/p>\n<p><span style=\"border-radius: 2px; text-indent: 20px; width: auto; padding: 0px 4px 0px 0px; text-align: center; font: bold 11px\/20px 'Helvetica Neue',Helvetica,sans-serif; color: #ffffff; background: #bd081c no-repeat scroll 3px 50% \/ 14px 14px; position: absolute; opacity: 1; z-index: 8675309; display: none; cursor: pointer;\">Enregistrer<\/span><\/p>\n<p><span style=\"border-radius: 2px; text-indent: 20px; width: auto; padding: 0px 4px 0px 0px; text-align: center; font: bold 11px\/20px 'Helvetica Neue',Helvetica,sans-serif; color: #ffffff; background: #bd081c no-repeat scroll 3px 50% \/ 14px 14px; position: absolute; opacity: 1; z-index: 8675309; display: none; cursor: pointer;\">Enregistrer<\/span><\/p>\n<p><span style=\"border-radius: 2px; text-indent: 20px; width: auto; padding: 0px 4px 0px 0px; text-align: center; font: bold 11px\/20px 'Helvetica Neue',Helvetica,sans-serif; color: #ffffff; background: #bd081c no-repeat scroll 3px 50% \/ 14px 14px; position: absolute; opacity: 1; z-index: 8675309; display: none; cursor: pointer;\">Enregistrer<\/span><\/p>\n<p><span style=\"border-radius: 2px; text-indent: 20px; width: auto; padding: 0px 4px 0px 0px; text-align: center; font: bold 11px\/20px 'Helvetica Neue',Helvetica,sans-serif; color: #ffffff; background: #bd081c no-repeat scroll 3px 50% \/ 14px 14px; position: absolute; opacity: 1; z-index: 8675309; display: none; cursor: pointer;\">Enregistrer<\/span><\/p>\n<p><span style=\"border-radius: 2px; text-indent: 20px; width: auto; padding: 0px 4px 0px 0px; text-align: center; font: bold 11px\/20px 'Helvetica Neue',Helvetica,sans-serif; color: #ffffff; background: #bd081c no-repeat scroll 3px 50% \/ 14px 14px; position: absolute; opacity: 1; z-index: 8675309; display: none; cursor: pointer;\">Enregistrer<\/span><\/p>\n<p><span style=\"border-radius: 2px; text-indent: 20px; width: auto; padding: 0px 4px 0px 0px; text-align: center; font: bold 11px\/20px 'Helvetica Neue',Helvetica,sans-serif; color: #ffffff; background: #bd081c no-repeat scroll 3px 50% \/ 14px 14px; position: absolute; opacity: 1; z-index: 8675309; display: none; cursor: pointer;\">Enregistrer<\/span><\/p>\n<p><span style=\"border-radius: 2px; text-indent: 20px; width: auto; padding: 0px 4px 0px 0px; text-align: center; font: bold 11px\/20px 'Helvetica Neue',Helvetica,sans-serif; color: #ffffff; background: #bd081c no-repeat scroll 3px 50% \/ 14px 14px; position: absolute; opacity: 1; z-index: 8675309; display: none; cursor: pointer;\">Enregistrer<\/span><\/p>\n<p><span style=\"border-radius: 2px; text-indent: 20px; width: auto; padding: 0px 4px 0px 0px; text-align: center; font: bold 11px\/20px 'Helvetica Neue',Helvetica,sans-serif; color: #ffffff; background: #bd081c no-repeat scroll 3px 50% \/ 14px 14px; position: absolute; opacity: 1; z-index: 8675309; display: none; cursor: pointer;\">Enregistrer<\/span><\/p>\n<p><span style=\"border-radius: 2px; text-indent: 20px; width: auto; padding: 0px 4px 0px 0px; text-align: center; font: bold 11px\/20px 'Helvetica Neue',Helvetica,sans-serif; color: #ffffff; background: #bd081c no-repeat scroll 3px 50% \/ 14px 14px; position: absolute; opacity: 1; z-index: 8675309; display: none; cursor: pointer;\">Enregistrer<\/span><\/p>\n<p><span style=\"border-radius: 2px; text-indent: 20px; width: auto; padding: 0px 4px 0px 0px; text-align: center; font: bold 11px\/20px 'Helvetica Neue',Helvetica,sans-serif; color: #ffffff; background: #bd081c no-repeat scroll 3px 50% \/ 14px 14px; position: absolute; opacity: 1; z-index: 8675309; display: none; cursor: pointer;\">Enregistrer<\/span><\/p>\n<p><span style=\"border-radius: 2px; text-indent: 20px; width: auto; padding: 0px 4px 0px 0px; text-align: center; font: bold 11px\/20px 'Helvetica Neue',Helvetica,sans-serif; color: #ffffff; background: #bd081c no-repeat scroll 3px 50% \/ 14px 14px; position: absolute; opacity: 1; z-index: 8675309; display: none; cursor: pointer;\">Enregistrer<\/span><\/p>\n<p><span style=\"border-radius: 2px; text-indent: 20px; width: auto; padding: 0px 4px 0px 0px; text-align: center; font: bold 11px\/20px 'Helvetica Neue',Helvetica,sans-serif; color: #ffffff; background: #bd081c no-repeat scroll 3px 50% \/ 14px 14px; position: absolute; opacity: 1; z-index: 8675309; display: none; cursor: pointer;\">Enregistrer<\/span><\/p>\n<p><span style=\"border-radius: 2px; text-indent: 20px; width: auto; padding: 0px 4px 0px 0px; text-align: center; font: bold 11px\/20px 'Helvetica Neue',Helvetica,sans-serif; color: #ffffff; background: #bd081c no-repeat scroll 3px 50% \/ 14px 14px; position: absolute; opacity: 1; z-index: 8675309; display: none; cursor: pointer;\">Enregistrer<\/span><\/p>\n","protected":false},"excerpt":{"rendered":"<p>Ouverture d\u2019un nouveau document Espace de travail Gestion des calques Importance des calques Calques, sous-calques, groupes Courbes de B\u00e9zier Les outils des trac\u00e9s vectoriels Combiner les outils entre eux Cr\u00e9er, modifier et supprimer un trac\u00e9 &hellip;<\/p>\n","protected":false},"author":1,"featured_media":0,"parent":46,"menu_order":5,"comment_status":"closed","ping_status":"closed","template":"","meta":[],"_links":{"self":[{"href":"https:\/\/clicandform.com\/index.php\/wp-json\/wp\/v2\/pages\/358"}],"collection":[{"href":"https:\/\/clicandform.com\/index.php\/wp-json\/wp\/v2\/pages"}],"about":[{"href":"https:\/\/clicandform.com\/index.php\/wp-json\/wp\/v2\/types\/page"}],"author":[{"embeddable":true,"href":"https:\/\/clicandform.com\/index.php\/wp-json\/wp\/v2\/users\/1"}],"replies":[{"embeddable":true,"href":"https:\/\/clicandform.com\/index.php\/wp-json\/wp\/v2\/comments?post=358"}],"version-history":[{"count":26,"href":"https:\/\/clicandform.com\/index.php\/wp-json\/wp\/v2\/pages\/358\/revisions"}],"predecessor-version":[{"id":597,"href":"https:\/\/clicandform.com\/index.php\/wp-json\/wp\/v2\/pages\/358\/revisions\/597"}],"up":[{"embeddable":true,"href":"https:\/\/clicandform.com\/index.php\/wp-json\/wp\/v2\/pages\/46"}],"wp:attachment":[{"href":"https:\/\/clicandform.com\/index.php\/wp-json\/wp\/v2\/media?parent=358"}],"curies":[{"name":"wp","href":"https:\/\/api.w.org\/{rel}","templated":true}]}}