{"id":275,"date":"2017-08-29T16:12:34","date_gmt":"2017-08-29T14:12:34","guid":{"rendered":"http:\/\/clicandform.com\/?page_id=275"},"modified":"2020-04-21T11:21:52","modified_gmt":"2020-04-21T09:21:52","slug":"contact","status":"publish","type":"page","link":"https:\/\/clicandform.com\/index.php\/contact\/","title":{"rendered":"Contact"},"content":{"rendered":"<p>Si vous avez des questions ou des demandes, vous pouvez me contacter \u00e0 l&rsquo;adresse suivante : <strong>ejacot[at]clicandform.com<\/strong><\/p>\n<p>\u00c0 bient\u00f4t!<\/p>\n","protected":false},"excerpt":{"rendered":"<p>Si vous avez des questions ou des demandes, vous pouvez me contacter \u00e0 l&rsquo;adresse suivante : ejacot[at]clicandform.com \u00c0 bient\u00f4t!<\/p>\n","protected":false},"author":1,"featured_media":0,"parent":0,"menu_order":4,"comment_status":"closed","ping_status":"closed","template":"","meta":[],"_links":{"self":[{"href":"https:\/\/clicandform.com\/index.php\/wp-json\/wp\/v2\/pages\/275"}],"collection":[{"href":"https:\/\/clicandform.com\/index.php\/wp-json\/wp\/v2\/pages"}],"about":[{"href":"https:\/\/clicandform.com\/index.php\/wp-json\/wp\/v2\/types\/page"}],"author":[{"embeddable":true,"href":"https:\/\/clicandform.com\/index.php\/wp-json\/wp\/v2\/users\/1"}],"replies":[{"embeddable":true,"href":"https:\/\/clicandform.com\/index.php\/wp-json\/wp\/v2\/comments?post=275"}],"version-history":[{"count":6,"href":"https:\/\/clicandform.com\/index.php\/wp-json\/wp\/v2\/pages\/275\/revisions"}],"predecessor-version":[{"id":539,"href":"https:\/\/clicandform.com\/index.php\/wp-json\/wp\/v2\/pages\/275\/revisions\/539"}],"wp:attachment":[{"href":"https:\/\/clicandform.com\/index.php\/wp-json\/wp\/v2\/media?parent=275"}],"curies":[{"name":"wp","href":"https:\/\/api.w.org\/{rel}","templated":true}]}}