{"id":247,"date":"2017-08-29T17:31:20","date_gmt":"2017-08-29T15:31:20","guid":{"rendered":"http:\/\/clicandform.com\/?page_id=247"},"modified":"2022-03-16T09:38:23","modified_gmt":"2022-03-16T08:38:23","slug":"references","status":"publish","type":"page","link":"https:\/\/clicandform.com\/index.php\/references\/","title":{"rendered":"R\u00e9f\u00e9rences"},"content":{"rendered":"<h5><img loading=\"lazy\" class=\"alignnone size-full wp-image-607\" src=\"http:\/\/clicandform.com\/wp-content\/uploads\/2022\/03\/Logos-references_3-scaled-e1647419841445.jpg\" alt=\"\" width=\"2560\" height=\"2393\" srcset=\"https:\/\/clicandform.com\/wp-content\/uploads\/2022\/03\/Logos-references_3-scaled-e1647419841445.jpg 2560w, https:\/\/clicandform.com\/wp-content\/uploads\/2022\/03\/Logos-references_3-scaled-e1647419841445-300x280.jpg 300w, https:\/\/clicandform.com\/wp-content\/uploads\/2022\/03\/Logos-references_3-scaled-e1647419841445-1024x957.jpg 1024w, https:\/\/clicandform.com\/wp-content\/uploads\/2022\/03\/Logos-references_3-scaled-e1647419841445-768x718.jpg 768w, https:\/\/clicandform.com\/wp-content\/uploads\/2022\/03\/Logos-references_3-scaled-e1647419841445-1536x1436.jpg 1536w, https:\/\/clicandform.com\/wp-content\/uploads\/2022\/03\/Logos-references_3-scaled-e1647419841445-2048x1914.jpg 2048w\" sizes=\"(max-width: 2560px) 100vw, 2560px\" \/><strong>T\u00e9moignages clients<\/strong><\/h5>\n<p>\u00ab\u00a0Cela fait depuis 2013 que nous travaillons avec Emmanuelle pour des formations Adobe et nous n&rsquo;avons que des retours positifs \u00e0 son sujet. D&rsquo;un naturel discret, ses capacit\u00e9s d&rsquo;adaptation et d&rsquo;\u00e9coute sont tr\u00e8s appr\u00e9ci\u00e9es de nos clients. D&rsquo;un point de vue plus commercial \/ administratif, sa rigueur et son implication sont tr\u00e8s appr\u00e9ciables\u00a0\u00bb.<br \/>\n<strong>Fanny Wagner, g\u00e9rante de Be It Formations<\/strong><\/p>\n<p>\u00ab\u00a0J&rsquo;ai le plaisir de solliciter Emmanuelle Jacot pour des projets de formations en PAO pour nos clients en Alsace. J&rsquo;appr\u00e9cie tout particuli\u00e8rement son s\u00e9rieux, ses qualit\u00e9s relationnelles dans ses missions d&rsquo;audits t\u00e9l\u00e9phoniques, son \u00e9coute des besoins et ses conseils.<br \/>\nLes \u00e9valuations de nos stagiaires en fin de formation sont tr\u00e8s satisfaisantes. Elles d\u00e9montrent ainsi les comp\u00e9tences professionnelles d&rsquo;Emmanuelle, v\u00e9ritable atout \u00e0 la prestation de formation.<br \/>\nJe recommande fortement ses services.\u00a0\u00bb<br \/>\n<strong>\u00a0Fatima El Boughanmi, conseill\u00e8re formation chez M2i Formations &#8211; r\u00e9gion Alsace<\/strong><\/p>\n<p><span style=\"border-radius: 2px; text-indent: 20px; width: auto; padding: 0px 4px 0px 0px; text-align: center; font: bold 11px\/20px 'Helvetica Neue',Helvetica,sans-serif; color: #ffffff; background: #bd081c no-repeat scroll 3px 50% \/ 14px 14px; position: absolute; opacity: 1; z-index: 8675309; display: none; cursor: pointer; top: 36px; left: 20px;\">Enregistrer<\/span><\/p>\n<p><span style=\"border-radius: 2px; text-indent: 20px; width: auto; padding: 0px 4px 0px 0px; text-align: center; font: bold 11px\/20px 'Helvetica Neue',Helvetica,sans-serif; color: #ffffff; background: #bd081c no-repeat scroll 3px 50% \/ 14px 14px; position: absolute; opacity: 1; z-index: 8675309; display: none; cursor: pointer;\">Enregistrer<\/span><\/p>\n<p><span style=\"border-radius: 2px; text-indent: 20px; width: auto; padding: 0px 4px 0px 0px; text-align: center; font: bold 11px\/20px 'Helvetica Neue',Helvetica,sans-serif; color: #ffffff; background: #bd081c no-repeat scroll 3px 50% \/ 14px 14px; position: absolute; opacity: 1; z-index: 8675309; display: none; cursor: pointer; top: 49px; left: 20px;\">Enregistrer<\/span><\/p>\n<p><span style=\"border-radius: 2px; text-indent: 20px; width: auto; padding: 0px 4px 0px 0px; text-align: center; font: bold 11px\/20px 'Helvetica Neue',Helvetica,sans-serif; color: #ffffff; background: #bd081c no-repeat scroll 3px 50% \/ 14px 14px; position: absolute; opacity: 1; z-index: 8675309; display: none; cursor: pointer; top: 49px; left: 20px;\">Enregistrer<\/span><\/p>\n<p><span style=\"border-radius: 2px; text-indent: 20px; width: auto; padding: 0px 4px 0px 0px; text-align: center; font: bold 11px\/20px 'Helvetica Neue',Helvetica,sans-serif; color: #ffffff; background: #bd081c no-repeat scroll 3px 50% \/ 14px 14px; position: absolute; opacity: 1; z-index: 8675309; display: none; cursor: pointer; top: 49px; left: 20px;\">Enregistrer<\/span><\/p>\n<p><span style=\"border-radius: 2px; text-indent: 20px; width: auto; padding: 0px 4px 0px 0px; text-align: center; font: bold 11px\/20px 'Helvetica Neue',Helvetica,sans-serif; color: #ffffff; background: #bd081c no-repeat scroll 3px 50% \/ 14px 14px; position: absolute; opacity: 1; z-index: 8675309; display: none; cursor: pointer; top: 49px; left: 20px;\">Enregistrer<\/span><\/p>\n<p><span style=\"border-radius: 2px; text-indent: 20px; width: auto; padding: 0px 4px 0px 0px; text-align: center; font: bold 11px\/20px 'Helvetica Neue',Helvetica,sans-serif; color: #ffffff; background: #bd081c no-repeat scroll 3px 50% \/ 14px 14px; position: absolute; opacity: 1; z-index: 8675309; display: none; cursor: pointer; top: 49px; left: 20px;\">Enregistrer<\/span><\/p>\n<p><span style=\"border-radius: 2px; text-indent: 20px; width: auto; padding: 0px 4px 0px 0px; text-align: center; font: bold 11px\/20px 'Helvetica Neue',Helvetica,sans-serif; color: #ffffff; background: #bd081c no-repeat scroll 3px 50% \/ 14px 14px; position: absolute; opacity: 1; z-index: 8675309; display: none; cursor: pointer; top: 49px; left: 20px;\">Enregistrer<\/span><\/p>\n","protected":false},"excerpt":{"rendered":"<p>T\u00e9moignages clients \u00ab\u00a0Cela fait depuis 2013 que nous travaillons avec Emmanuelle pour des formations Adobe et nous n&rsquo;avons que des retours positifs \u00e0 son sujet. D&rsquo;un naturel discret, ses capacit\u00e9s d&rsquo;adaptation et d&rsquo;\u00e9coute sont tr\u00e8s &hellip;<\/p>\n","protected":false},"author":1,"featured_media":0,"parent":0,"menu_order":3,"comment_status":"closed","ping_status":"closed","template":"","meta":[],"_links":{"self":[{"href":"https:\/\/clicandform.com\/index.php\/wp-json\/wp\/v2\/pages\/247"}],"collection":[{"href":"https:\/\/clicandform.com\/index.php\/wp-json\/wp\/v2\/pages"}],"about":[{"href":"https:\/\/clicandform.com\/index.php\/wp-json\/wp\/v2\/types\/page"}],"author":[{"embeddable":true,"href":"https:\/\/clicandform.com\/index.php\/wp-json\/wp\/v2\/users\/1"}],"replies":[{"embeddable":true,"href":"https:\/\/clicandform.com\/index.php\/wp-json\/wp\/v2\/comments?post=247"}],"version-history":[{"count":18,"href":"https:\/\/clicandform.com\/index.php\/wp-json\/wp\/v2\/pages\/247\/revisions"}],"predecessor-version":[{"id":609,"href":"https:\/\/clicandform.com\/index.php\/wp-json\/wp\/v2\/pages\/247\/revisions\/609"}],"wp:attachment":[{"href":"https:\/\/clicandform.com\/index.php\/wp-json\/wp\/v2\/media?parent=247"}],"curies":[{"name":"wp","href":"https:\/\/api.w.org\/{rel}","templated":true}]}}