{"id":136,"date":"2017-08-25T17:25:25","date_gmt":"2017-08-25T15:25:25","guid":{"rendered":"http:\/\/clicandform.com\/?page_id=136"},"modified":"2021-11-08T16:14:19","modified_gmt":"2021-11-08T15:14:19","slug":"presentation","status":"publish","type":"page","link":"https:\/\/clicandform.com\/","title":{"rendered":"Pr\u00e9sentation"},"content":{"rendered":"<h4><strong>Emmanuelle Jacot &#8211; Formatrice en PAO<br \/>\n<\/strong><\/h4>\n<p>Formatrice en PAO depuis 2011, certifi\u00e9e Adobe (Adobe Certified Associate).<br \/>\nPartenaire d&rsquo;organismes de formation nationaux et r\u00e9gionaux de r\u00e9f\u00e9rence, j&rsquo;assure des formations sur les principaux logiciels de PAO en INTER, en INTRA ou en cours particulier.<\/p>\n<h4><strong>Ma m\u00e9thode<\/strong><\/h4>\n<p>En tant qu&rsquo;organisme de formation, chaque demande \u00e0 laquelle vous r\u00e9pondez est particuli\u00e8re.<br \/>\nJ&rsquo;ai d\u00e9velopp\u00e9 mon offre pour vous aider \u00e0 fournir une r\u00e9ponse adapt\u00e9e.<\/p>\n<ul>\n<li><strong>En amont<br \/>\n<\/strong> R\u00e9alisation d&rsquo;audits si le besoin du stagiaire est sp\u00e9cifique<\/li>\n<li><strong>Lors de la formation<\/strong><br \/>\nExplications et exercices li\u00e9s aux contexte professionnel du stagiaire, aussi bien en INTRA qu&rsquo;en INTER<br \/>\nAide \u00e0 la pr\u00e9paration de la certification ACA (Adobe Certified Associate) et TOSA dans le cadre du CPF<\/li>\n<li><strong>Apr\u00e8s la formation<\/strong><br \/>\nR\u00e9ponse aux questions des stagiaires<br \/>\nEnvoi de fiches r\u00e9capitulatives si n\u00e9cessaire<\/li>\n<\/ul>\n<h4><strong>Zones d&rsquo;intervention<br \/>\n<\/strong><\/h4>\n<p>Nord (3 jours minimum), Alsace, Lorraine, Belfort et Montb\u00e9liard<\/p>\n<h4><strong>Formations \u00e0 distance<br \/>\n<\/strong><\/h4>\n<p>Il m&rsquo;est possible \u00e9galement d&rsquo;effectuer des formations \u00e0 distance, en cours particulier (session d&rsquo;une journ\u00e9e) ou pour de petits groupes (modules de 3 heures).<br \/>\nPour en savoir plus, me contacter.<\/p>\n<h4><strong><a href=\"http:\/\/clicandform.com\/index.php\/references\/\">Voir mes r\u00e9f\u00e9rences<\/a><br \/>\n<\/strong><\/h4>\n<h4><strong><a href=\"http:\/\/clicandform.com\/index.php\/contact\/\">Me contacter<\/a><br \/>\n<\/strong><\/h4>\n<p><span style=\"border-radius: 2px; text-indent: 20px; width: auto; padding: 0px 4px 0px 0px; text-align: center; font: bold 11px\/20px 'Helvetica Neue',Helvetica,sans-serif; color: #ffffff; background: #bd081c no-repeat scroll 3px 50% \/ 14px 14px; position: absolute; opacity: 1; z-index: 8675309; display: none; cursor: pointer;\">Enregistrer<\/span><\/p>\n<p><span style=\"border-radius: 2px; text-indent: 20px; width: auto; padding: 0px 4px 0px 0px; text-align: center; font: bold 11px\/20px 'Helvetica Neue',Helvetica,sans-serif; color: #ffffff; background: #bd081c no-repeat scroll 3px 50% \/ 14px 14px; position: absolute; opacity: 1; z-index: 8675309; display: none; cursor: pointer;\">Enregistrer<\/span><\/p>\n<p><span style=\"border-radius: 2px; text-indent: 20px; width: auto; padding: 0px 4px 0px 0px; text-align: center; font: bold 11px\/20px 'Helvetica Neue',Helvetica,sans-serif; color: #ffffff; background: #bd081c no-repeat scroll 3px 50% \/ 14px 14px; position: absolute; opacity: 1; z-index: 8675309; display: none; cursor: pointer;\">Enregistrer<\/span><\/p>\n<p><span style=\"border-radius: 2px; text-indent: 20px; width: auto; padding: 0px 4px 0px 0px; text-align: center; font: bold 11px\/20px 'Helvetica Neue',Helvetica,sans-serif; color: #ffffff; background: #bd081c no-repeat scroll 3px 50% \/ 14px 14px; position: absolute; opacity: 1; z-index: 8675309; display: none; cursor: pointer;\">Enregistrer<\/span><\/p>\n<p><span style=\"border-radius: 2px; text-indent: 20px; width: auto; padding: 0px 4px 0px 0px; text-align: center; font: bold 11px\/20px 'Helvetica Neue',Helvetica,sans-serif; color: #ffffff; background: #bd081c no-repeat scroll 3px 50% \/ 14px 14px; position: absolute; opacity: 1; z-index: 8675309; display: none; cursor: pointer;\">Enregistrer<\/span><\/p>\n<p><span style=\"border-radius: 2px; text-indent: 20px; width: auto; padding: 0px 4px 0px 0px; text-align: center; font: bold 11px\/20px 'Helvetica Neue',Helvetica,sans-serif; color: #ffffff; background: #bd081c no-repeat scroll 3px 50% \/ 14px 14px; position: absolute; opacity: 1; z-index: 8675309; display: none; cursor: pointer;\">Enregistrer<\/span><\/p>\n<p><span style=\"border-radius: 2px; text-indent: 20px; width: auto; padding: 0px 4px 0px 0px; text-align: center; font: bold 11px\/20px 'Helvetica Neue',Helvetica,sans-serif; color: #ffffff; background: #bd081c no-repeat scroll 3px 50% \/ 14px 14px; position: absolute; opacity: 1; z-index: 8675309; display: none; cursor: pointer;\">Enregistrer<\/span><\/p>\n<p><span style=\"border-radius: 2px; text-indent: 20px; width: auto; padding: 0px 4px 0px 0px; text-align: center; font: bold 11px\/20px 'Helvetica Neue',Helvetica,sans-serif; color: #ffffff; background: #bd081c no-repeat scroll 3px 50% \/ 14px 14px; position: absolute; opacity: 1; z-index: 8675309; display: none; cursor: pointer;\">Enregistrer<\/span><\/p>\n<p><span style=\"border-radius: 2px; text-indent: 20px; width: auto; padding: 0px 4px 0px 0px; text-align: center; font: bold 11px\/20px 'Helvetica Neue',Helvetica,sans-serif; color: #ffffff; background: #bd081c no-repeat scroll 3px 50% \/ 14px 14px; position: absolute; opacity: 1; z-index: 8675309; display: none; cursor: pointer; top: 421px; left: 90px;\">Enregistrer<\/span><\/p>\n","protected":false},"excerpt":{"rendered":"<p>Emmanuelle Jacot &#8211; Formatrice en PAO Formatrice en PAO depuis 2011, certifi\u00e9e Adobe (Adobe Certified Associate). Partenaire d&rsquo;organismes de formation nationaux et r\u00e9gionaux de r\u00e9f\u00e9rence, j&rsquo;assure des formations sur les principaux logiciels de PAO en &hellip;<\/p>\n","protected":false},"author":1,"featured_media":0,"parent":0,"menu_order":1,"comment_status":"closed","ping_status":"closed","template":"","meta":[],"_links":{"self":[{"href":"https:\/\/clicandform.com\/index.php\/wp-json\/wp\/v2\/pages\/136"}],"collection":[{"href":"https:\/\/clicandform.com\/index.php\/wp-json\/wp\/v2\/pages"}],"about":[{"href":"https:\/\/clicandform.com\/index.php\/wp-json\/wp\/v2\/types\/page"}],"author":[{"embeddable":true,"href":"https:\/\/clicandform.com\/index.php\/wp-json\/wp\/v2\/users\/1"}],"replies":[{"embeddable":true,"href":"https:\/\/clicandform.com\/index.php\/wp-json\/wp\/v2\/comments?post=136"}],"version-history":[{"count":39,"href":"https:\/\/clicandform.com\/index.php\/wp-json\/wp\/v2\/pages\/136\/revisions"}],"predecessor-version":[{"id":543,"href":"https:\/\/clicandform.com\/index.php\/wp-json\/wp\/v2\/pages\/136\/revisions\/543"}],"wp:attachment":[{"href":"https:\/\/clicandform.com\/index.php\/wp-json\/wp\/v2\/media?parent=136"}],"curies":[{"name":"wp","href":"https:\/\/api.w.org\/{rel}","templated":true}]}}